{"id":950,"date":"2018-06-03T14:47:56","date_gmt":"2018-06-03T12:47:56","guid":{"rendered":"https:\/\/e-ssc.pl\/?page_id=950"},"modified":"2024-10-30T22:53:12","modified_gmt":"2024-10-30T20:53:12","slug":"950-2","status":"publish","type":"page","link":"https:\/\/e-ssc.pl\/?page_id=950","title":{"rendered":"Excel -od podstaw do praktyki"},"content":{"rendered":"<div class=\"post-content\"><h3 style=\"text-align: center;\"><strong>Szkolenie przeznaczone jest dla os\u00f3b zaczynaj\u0105cych przygod\u0119 z Excelem: zajmuj\u0105cych si\u0119 codzienn\u0105<\/strong><br \/>\n<strong>prac\u0105 biurow\u0105, zarz\u0105dzaniem informacjami, tworzeniem i porz\u0105dkowaniem podr\u0119cznych baz danych,&nbsp;rozliczaj\u0105cych, nadzoruj\u0105cych, planuj\u0105cych, raportuj\u0105cych. Szkolenie, w formie warsztat\u00f3w, ma na celu uzyskanie wiedzy i umiej\u0119tno\u015bci z zakresu podstawowego, ale gruntownego pos\u0142ugiwania si\u0119 narz\u0119dziami dost\u0119pnymi w programie MS Excel.<\/strong><\/h3>\n<h3>&nbsp;<\/h3>\n<h3 style=\"text-align: left;\"><span style=\"color: #ff0000;\"><strong><span style=\"color: #000000;\">Terminy zaj\u0119\u0107 ustalane indywidualnie z osob\u0105 zainteresowan\u0105.<\/span><\/strong><\/span><\/h3>\n<h3>Miejsce kursu: \u017byrard\u00f3w<\/h3>\n<h3><strong>Koszt: 1200 z\u0142 brutto od osoby&nbsp; i obejmuje:<\/strong><br \/>\n16 godzin zaj\u0119\u0107 dydaktycznych (w tym konsultacje indywidualne), materia\u0142y szkoleniowe, materia\u0142y do pracy (d\u0142ugopis, notes), kaw\u0119, herbat\u0119, ciastka.<\/h3>\n<h3>Ka\u017cdy z uczestnik\u00f3w otrzymuje za\u015bwiadczenie o uko\u0144czeniu kursu zgodne z rozporz\u0105dzeniem Ministra Edukacji Narodowej z dnia 11 stycznia 2012 r. w sprawie kszta\u0142cenia ustawicznego w formach pozaszkolnych.<\/h3>\n<h3><strong>Program:<\/strong><br \/>\n1. Og\u00f3lne informacje na temat \u015brodowiska programu Microsoft Excel.<br \/>\n2. Elementy nawigacyjne, informacyjne i funkcyjne, wst\u0105\u017cka.<br \/>\n4. Poruszanie si\u0119 po arkuszach, dzia\u0142ania na plikach.<br \/>\n5. Widoki.<br \/>\n6. Prawid\u0142owe wprowadzanie danych.<br \/>\n7. Formatowanie:<br \/>\n\u2022 Formaty tekstowe, liczbowe, walutowe, procentowe, specjalne i u\u017cytkownika,<br \/>\n\u2022 Style wbudowane,<br \/>\n\u2022 Obramowanie i cieniowanie kom\u00f3rek,<br \/>\n\u2022 Zmiana kolor\u00f3w i ustawienia po\u0142o\u017cenia tekstu.<br \/>\n\u2022 Formatowanie warunkowe.<br \/>\n8. Kopiowanie, przenoszenie, zaznaczanie wielu obszar\u00f3w.<br \/>\n10. Wype\u0142nianie automatyczne, serie danych.<br \/>\n11. Komentarze i recenzja.<br \/>\n12. Adresowanie wzgl\u0119dne i bezwzgl\u0119dne.<br \/>\n13. Drukowanie:<br \/>\n\u2022 Ustawienia stron i obszar\u00f3w wydruku,<br \/>\n14. Dodatkowe mo\u017cliwo\u015bci \u2013 stopki i nag\u0142\u00f3wki.<br \/>\n15. Dane w MS Excel:<br \/>\n\u2022 MS Excel jako baza danych,<br \/>\n\u2022 Autofiltr,<br \/>\n\u2022 Sortowanie,<br \/>\n\u2022 Konspekty.<br \/>\n\u2022 Poprawno\u015b\u0107 danych.<br \/>\n16. Wykresy \u2013 graficzne przedstawianie danych:<br \/>\n\u2022 Kreator wykres\u00f3w,<br \/>\n\u2022 Modyfikacje wykres\u00f3w wg potrzeb,<br \/>\n\u2022 modyfikowanie wykres\u00f3w.<br \/>\n17. Przydatne sztuczki i skr\u00f3ty u\u0142atwiaj\u0105ce i przyspieszaj\u0105ce prac\u0119.<br \/>\n18. Unikanie b\u0142\u0119d\u00f3w w pracy z arkuszami.<br \/>\n19. Formu\u0142y<br \/>\n\u2022 najcz\u0119\u015bciej u\u017cywane funkcje matematyczne.<br \/>\n\u2022 adresowanie wzgl\u0119dne i bezwzgl\u0119dne.<br \/>\n\u2022 funkcje finansowe.<br \/>\n\u2022 wybrane funkcje pomocnicze (czasu i daty, tekstowe).<br \/>\n\u2022 funkcje logiczne.<br \/>\n\u2022 funkcja warunkowa je\u017celi (prosta i zagnie\u017cd\u017cona).<br \/>\n20. Formatowanie warunkowe.<br \/>\n\u2022 Regu\u0142y oparte ma warto\u015bciach kom\u00f3rek<br \/>\n\u2022 Regu\u0142y oparte na formu\u0142ach<br \/>\n21. Sprawdzanie poprawno\u015bci danych. Podstawowa walidacja danych<br \/>\n22. Analiza danych<br \/>\n\u2022 Sortowanie i filtrowanie<br \/>\n\u2022 Filtrowanie zaawansowane<br \/>\n\u2022 Funkcja WYSZUKAJ.PIONOWO<br \/>\n\u2022 Funkcja SUMY.CZ\u0118\u015aCIOWE<br \/>\n23. Tabele przestawne i wykresy przestawne<br \/>\n\u2022 Tworzenie Tabeli przestawnej<br \/>\n\u2022 Modyfikacje tabeli przestawnej<br \/>\n\u2022 Grupowanie danych<br \/>\n\u2022 Sortowanie i filtrowanie wykresu przestawnego.<br \/>\n24. Zarz\u0105dzanie danymi<br \/>\n\u2022 Formaty plik\u00f3w i ich charakterystyka.<br \/>\n\u2022 Importowanie i eksportowanie danych.<br \/>\n25. Praca z wykresami<br \/>\n\u2022 Typy wykres\u00f3w i okre\u015blanie \u017ar\u00f3de\u0142 danych.<br \/>\n\u2022 Formatowanie wykres\u00f3w.<\/h3>\n<h3><strong>INFORMACJE ORGANIZACYJNE:<\/strong><br \/>\nWarunkiem rozpocz\u0119cia kursu jest przes\u0142anie zg\u0142oszenia oraz wp\u0142ata nale\u017cno\u015bci na konto. Formularz zg\u0142oszenia jest dost\u0119pny na stronie g\u0142\u00f3wnej www.e-ssc.pl w zak\u0142adce formularz zg\u0142oszeniowy.<\/h3>\n<h3><strong>Kurs skierowany jest r\u00f3wnie\u017c do os\u00f3b bezrobotnych i poszukuj\u0105cych pracy jako kurs podnosz\u0105cy kwalifikacje zawodowe. Op\u0142ata za kurs pokrywana jest ze \u015brodk\u00f3w Powiatowego Urz\u0119du Pracy.<\/strong><\/h3>\n<h3>O wyk\u0142adowcy: Do\u015bwiadczony wyk\u0142adowca. Jest wysoko oceniana przez uczestnik\u00f3w zaj\u0119\u0107. Wszystkie kursy i szkolenia prowadzi niemal wy\u0142\u0105cznie w formie warsztatowej. Podczas zaj\u0119\u0107 uczestnicy mog\u0105 na bie\u017c\u0105co uzyska\u0107 odpowiedzi na nurtuj\u0105ce ich pytania.<\/h3>\n<h3 style=\"text-align: center;\">&nbsp;<\/h3>\n<\/div>","protected":false},"excerpt":{"rendered":"<p>Szkolenie przeznaczone jest dla os\u00f3b zaczynaj\u0105cych przygod\u0119 z Excelem: zajmuj\u0105cych<a href=\"https:\/\/e-ssc.pl\/?page_id=950\">Read More<i class=\"fa fa-long-arrow-right\" aria-hidden=\"true\"><\/i><\/a><\/p>\n","protected":false},"author":1,"featured_media":0,"parent":928,"menu_order":5,"comment_status":"closed","ping_status":"closed","template":"","meta":{"ngg_post_thumbnail":0,"footnotes":""},"class_list":["post-950","page","type-page","status-publish","hentry"],"_links":{"self":[{"href":"https:\/\/e-ssc.pl\/index.php?rest_route=\/wp\/v2\/pages\/950"}],"collection":[{"href":"https:\/\/e-ssc.pl\/index.php?rest_route=\/wp\/v2\/pages"}],"about":[{"href":"https:\/\/e-ssc.pl\/index.php?rest_route=\/wp\/v2\/types\/page"}],"author":[{"embeddable":true,"href":"https:\/\/e-ssc.pl\/index.php?rest_route=\/wp\/v2\/users\/1"}],"replies":[{"embeddable":true,"href":"https:\/\/e-ssc.pl\/index.php?rest_route=%2Fwp%2Fv2%2Fcomments&post=950"}],"version-history":[{"count":11,"href":"https:\/\/e-ssc.pl\/index.php?rest_route=\/wp\/v2\/pages\/950\/revisions"}],"predecessor-version":[{"id":1391,"href":"https:\/\/e-ssc.pl\/index.php?rest_route=\/wp\/v2\/pages\/950\/revisions\/1391"}],"up":[{"embeddable":true,"href":"https:\/\/e-ssc.pl\/index.php?rest_route=\/wp\/v2\/pages\/928"}],"wp:attachment":[{"href":"https:\/\/e-ssc.pl\/index.php?rest_route=%2Fwp%2Fv2%2Fmedia&parent=950"}],"curies":[{"name":"wp","href":"https:\/\/api.w.org\/{rel}","templated":true}]}}