{"id":948,"date":"2018-06-03T14:33:19","date_gmt":"2018-06-03T12:33:19","guid":{"rendered":"https:\/\/e-ssc.pl\/?page_id=948"},"modified":"2024-10-30T22:49:29","modified_gmt":"2024-10-30T20:49:29","slug":"kurs-profesjonalna-asystentka-sekretarka","status":"publish","type":"page","link":"https:\/\/e-ssc.pl\/?page_id=948","title":{"rendered":"Kurs: Pracownik administracyjno-biurowy z kadrami i p\u0142acami"},"content":{"rendered":"<div class=\"post-content\"><h3 style=\"text-align: center;\"><strong>Kurs skierowany jest do stawiaj\u0105cych pierwsze kroki zawodowe w obszarze podstawowej administracji.<\/strong><br \/>\n<strong>Celem kszta\u0142cenia jest zapoznanie z organizacj\u0105 pracy biura, przep\u0142ywem informacji w zarz\u0105dzaniu biurem, zasadami efektywnej komunikacji, kultury zawodu, zagadnieniami prawnymi i prawem pracy, oraz zapoznanie z obs\u0142ug\u0105 urz\u0105dze\u0144 biurowych, jak r\u00f3wnie\u017c z modu\u0142em praktycznej obs\u0142ugi komputera.<\/strong><\/h3>\n<h3 style=\"text-align: center;\">&nbsp;<\/h3>\n<div class=\"_1mf _1mj\" data-offset-key=\"8g7op-0-0\">\n<h3 style=\"text-align: left;\"><span style=\"color: #000000;\"><strong>Terminy zaj\u0119\u0107:<\/strong><\/span><\/h3>\n<h3>Miejsce kursu: \u017byrard\u00f3w<\/h3>\n<h3><strong>Koszt: 2800 z\u0142 brutto od osoby (zwolnienie z podatku VAT)&nbsp; &nbsp;i obejmuje:<\/strong><br \/>\n40 godzin zaj\u0119\u0107 dydaktycznych (w tym konsultacje indywidualne), materia\u0142y szkoleniowe, materia\u0142y do pracy (d\u0142ugopis, notes), kaw\u0119, herbat\u0119, ciastka.<\/h3>\n<\/div>\n<h3>Ka\u017cdy z uczestnik\u00f3w otrzymuje za\u015bwiadczenie o uko\u0144czeniu kursu zgodne z rozporz\u0105dzeniem Ministra Edukacji Narodowej z dnia 11 stycznia 2012 r. w sprawie kszta\u0142cenia ustawicznego w formach pozaszkolnych.<\/h3>\n<h3><strong>Dzie\u0144 I <\/strong><br \/>\n<strong>Obs\u0142uga biura i zasady pracy w administracji<\/strong><br \/>\n<strong>1. Organizacja pracy biurowej<\/strong><br \/>\nObs\u0142uga administracyjna jednostek organizacyjnych<br \/>\nCharakterystyka pracy biurowej<br \/>\nWsp\u00f3\u0142praca z szefem<br \/>\nOrganizacja pracy w sekretariacie<br \/>\nZadania sekretariat\u00f3w<br \/>\nPrzyjmowanie interesant\u00f3w<br \/>\nPrzyjmowanie i \u0142\u0105czenie telefon\u00f3w<br \/>\nKontrola termin\u00f3w<br \/>\nObieg dokument\u00f3w<br \/>\nSystem kancelaryjny: dziennikowy i bezdziennikowy<br \/>\nPrzyjmowanie i wysy\u0142anie korespondencji<br \/>\nPrzechowywanie akt<br \/>\nPost\u0119powanie z pismami niejawnymi<br \/>\nOchrona danych osobowych \u2013 RODO<\/h3>\n<h3><strong>2. Przep\u0142yw informacji w zarz\u0105dzaniu biurem<\/strong><br \/>\nInformacja jako g\u0142\u00f3wny efekt pracy biurowej,<br \/>\nZasady prowadzenia korespondencji,<br \/>\nKorespondencja w sprawach urz\u0119dowych,<br \/>\nKorespondencja w sprawach handlowych,<br \/>\nKorespondencja w sprawach finansowych,<br \/>\nKorespondencja w sprawach administracyjnych,<br \/>\nKorespondencja w sprawach osobowych<br \/>\nMetodologia sporz\u0105dzania protoko\u0142\u00f3w, sprawozda\u0144 i notatek s\u0142u\u017cbowych<br \/>\nZebranie jako forma wymiany informacji<\/h3>\n<h3><strong>Dzie\u0144 II<\/strong><br \/>\n<strong>1. Zasady efektywnej komunikacji<\/strong><br \/>\nKomunikacja werbalna i niewerbalna<br \/>\nZasady autoprezentacji<br \/>\nKultura organizacyjna przedsi\u0119biorstwa<br \/>\nKontakty z kolegami i prze\u0142o\u017conymi,<br \/>\nPatologiczne zjawiska w miejscu pracy,<br \/>\nKonflikty i ich rozwi\u0105zywanie,<br \/>\nKszta\u0142towanie stosunk\u00f3w interpersonalnych w zak\u0142adzie pracy<\/h3>\n<h3><strong>2. Urz\u0105dzenia biurowe &#8211; szczeg\u00f3\u0142owa charakterystyka i ich obs\u0142uga<\/strong><br \/>\nKlasyfikacja \u015brodk\u00f3w technicznych pracy biurowej,<br \/>\nUrz\u0105dzenia techniki \u0142\u0105czno\u015bci,<br \/>\nKomputery,<br \/>\nKsero,<br \/>\nSkaner,<br \/>\nDrukarka,<br \/>\nUrz\u0105dzenie wielofunkcyjne i inne<\/h3>\n<h3><strong>3. Internet, poczta elektroniczna<\/strong><br \/>\nPoczta elektroniczna \u2013 komunikacja za pomoc\u0105 komputera z innymi lud\u017ami.<br \/>\nZasady tworzenia i wysy\u0142ania e-mail<br \/>\nPrzetwarzanie danych otrzymywanych w mailach zgodnie z RODO.<\/h3>\n<h3><strong>Dzie\u0144 III<\/strong><br \/>\n<strong>Obs\u0142uga komputera<\/strong><br \/>\n<strong>1. MS Word \u2013 edytor tekstu<\/strong><br \/>\nPodstawowe regu\u0142y edycji i formatowania tekstu w ms Word<br \/>\nTworzenie nowych dokument\u00f3w, wyszukiwanie i otwieranie istniej\u0105cych<br \/>\nWprowadzanie, edycja i formatowanie przyk\u0142adowych pism urz\u0119dowych<br \/>\nZastosowanie automatycznego wypunktowania, numerowania i list wielopoziomowych<br \/>\nNag\u0142\u00f3wki i stopki dokumentu<br \/>\nWstawianie i edycja obiekt\u00f3w graficznych w tek\u015bcie<br \/>\nWsp\u00f3\u0142praca MS Word z MS Excel \u2013 wstawianie wykres\u00f3w<br \/>\nWstawianie, edycja tabel<br \/>\nWykorzystanie auto kszta\u0142t\u00f3w, galerii clip-art. oraz edytora napis\u00f3w ozdobnych do ozdabiania, wyr\u00f3\u017cniania i ilustrowania tre\u015bci dokumentu.<br \/>\nAutomatyczne spisy tre\u015bci, ilustracje i skorowidze<br \/>\nWykorzystanie wbudowanych szablon\u00f3w dokument\u00f3w (faksy, kalendarze, protoko\u0142y<\/h3>\n<h3><strong>Dzie\u0144 IV<\/strong><br \/>\n<strong>Obs\u0142uga komputera<\/strong><br \/>\n<strong>1. MS Excel \u2013 arkusz kalkulacyjny w podstawowych zastosowaniach biznesowych<\/strong><br \/>\nPodstawowe zasady pracy w arkuszu kalkulacyjnym<br \/>\nSk\u0142adowe skoroszytu &#8211; modyfikacja i dostosowywanie.<br \/>\nAdresowanie kom\u00f3rek<br \/>\nPodstawowe sposoby formatowania danych arkusza<br \/>\nTworzenie i modyfikacja formu\u0142 arytmetycznych<br \/>\nWykorzystanie podstawowych funkcji wbudowanych<br \/>\nTworzenie wykres\u00f3w<br \/>\nSortowanie, filtrowanie i sumy po\u015brednie.<br \/>\nWykorzystanie wbudowanych szablon\u00f3w arkuszy w codziennej pracy (FV, harmonogramy, zestawienia godzin itd.)<\/h3>\n<h3><strong>Dzie\u0144 V<\/strong><br \/>\n<strong>1. Wiza\u017c i stylizacja<\/strong><br \/>\nZasady stylizacji biznesowej \u2013 dress code<br \/>\n<strong>2. Savoir-vivre w sekretariacie i biurze zarz\u0105du<\/strong><br \/>\nKultura zawodu<br \/>\nWizerunek pracownika biurowego<br \/>\nSavoir-vivre w relacjach mi\u0119dzyludzkich<br \/>\nProwadzenie rozm\u00f3w, , telefony,<br \/>\nWybrane zagadnienia etyki pracownika biurowego<br \/>\nZasady poufno\u015bci.<\/h3>\n<h3><strong>INFORMACJE ORGANIZACYJNE:<\/strong><br \/>\nWarunkiem rozpocz\u0119cia kursu jest przes\u0142anie zg\u0142oszenia oraz wp\u0142ata nale\u017cno\u015bci na konto. Formularz zg\u0142oszenia jest dost\u0119pny na stronie g\u0142\u00f3wnej www.e-ssc.pl w zak\u0142adce formularz zg\u0142oszeniowy.<\/h3>\n<h3><strong>Kurs skierowany jest r\u00f3wnie\u017c do os\u00f3b bezrobotnych i poszukuj\u0105cych pracy jako kurs podnosz\u0105cy kwalifikacje zawodowe. Op\u0142ata za kurs pokrywana jest ze \u015brodk\u00f3w Powiatowego Urz\u0119du Pracy.<\/strong><\/h3>\n<h3>O wyk\u0142adowcy: Do\u015bwiadczony wyk\u0142adowca, ekspert zagadnie\u0144 zwi\u0105zanych z ksi\u0119gowo\u015bci\u0105 ma\u0142ych firm oraz specjalista w dziedzinie prawa pracy. Jest wysoko oceniana przez uczestnik\u00f3w zaj\u0119\u0107. Wszystkie kursy i szkolenia prowadzi niemal wy\u0142\u0105cznie w formie warsztatowej. Podczas zaj\u0119\u0107 uczestnicy mog\u0105 na bie\u017c\u0105co uzyska\u0107 odpowiedzi na nurtuj\u0105ce ich pytania.<\/h3>\n<h3 style=\"text-align: center;\">&nbsp;<\/h3>\n<\/div>","protected":false},"excerpt":{"rendered":"<p>Kurs skierowany jest do stawiaj\u0105cych pierwsze kroki zawodowe w obszarze<a href=\"https:\/\/e-ssc.pl\/?page_id=948\">Read More<i class=\"fa fa-long-arrow-right\" aria-hidden=\"true\"><\/i><\/a><\/p>\n","protected":false},"author":1,"featured_media":0,"parent":928,"menu_order":4,"comment_status":"closed","ping_status":"closed","template":"","meta":{"ngg_post_thumbnail":0,"footnotes":""},"class_list":["post-948","page","type-page","status-publish","hentry"],"_links":{"self":[{"href":"https:\/\/e-ssc.pl\/index.php?rest_route=\/wp\/v2\/pages\/948"}],"collection":[{"href":"https:\/\/e-ssc.pl\/index.php?rest_route=\/wp\/v2\/pages"}],"about":[{"href":"https:\/\/e-ssc.pl\/index.php?rest_route=\/wp\/v2\/types\/page"}],"author":[{"embeddable":true,"href":"https:\/\/e-ssc.pl\/index.php?rest_route=\/wp\/v2\/users\/1"}],"replies":[{"embeddable":true,"href":"https:\/\/e-ssc.pl\/index.php?rest_route=%2Fwp%2Fv2%2Fcomments&post=948"}],"version-history":[{"count":11,"href":"https:\/\/e-ssc.pl\/index.php?rest_route=\/wp\/v2\/pages\/948\/revisions"}],"predecessor-version":[{"id":1390,"href":"https:\/\/e-ssc.pl\/index.php?rest_route=\/wp\/v2\/pages\/948\/revisions\/1390"}],"up":[{"embeddable":true,"href":"https:\/\/e-ssc.pl\/index.php?rest_route=\/wp\/v2\/pages\/928"}],"wp:attachment":[{"href":"https:\/\/e-ssc.pl\/index.php?rest_route=%2Fwp%2Fv2%2Fmedia&parent=948"}],"curies":[{"name":"wp","href":"https:\/\/api.w.org\/{rel}","templated":true}]}}