{"id":928,"date":"2018-06-03T01:05:15","date_gmt":"2018-06-02T23:05:15","guid":{"rendered":"https:\/\/e-ssc.pl\/?page_id=928"},"modified":"2021-04-05T02:32:37","modified_gmt":"2021-04-05T00:32:37","slug":"oferta-dla-osob-bezrobotnych-i-urzedow-pracy","status":"publish","type":"page","link":"https:\/\/e-ssc.pl\/?page_id=928","title":{"rendered":"SZKOLENIA ZAWODOWE"},"content":{"rendered":"<div class=\"post-content\"><h3 style=\"text-align: center;\"><strong>Nasza propozycja szkoleniowa to szeroki zakres szkole\u0144 z tematyki prawa pracy, p\u0142ac, ubezpiecze\u0144 spo\u0142ecznych, ochrony danych osobowych.&nbsp; <\/strong><\/h3>\n<h3 style=\"text-align: center;\"><span style=\"color: #ff0000;\"><strong>Uwaga! Tylko u nas!<\/strong><\/span><\/h3>\n<h3 style=\"text-align: center;\"><span style=\"color: #ff0000;\"><strong>W celu minimalizacji ryzyka zaka\u017cenia wirusem SARS-CoV-2 a tak\u017ce dostosowuj\u0105c si\u0119 do potrzeb Klienta realizujemy zaj\u0119cia indywidualne. <\/strong><strong>Termin szkolenia ustalany jest z osob\u0105 zainteresowan\u0105. Cena zaj\u0119\u0107 pozostaje bez zmian.&nbsp;<\/strong><\/span><\/h3>\n<h3><span style=\"font-size: inherit; text-align: center;\">Je\u015bli jeste\u015b osob\u0105 bezrobotn\u0105 i poszukuj\u0105c\u0105 pracy, mo\u017cesz mie\u0107 trudno\u015b\u0107 z zainwestowaniem w swoj\u0105 dodatkow\u0105 edukacj\u0119.<\/span><\/h3>\n<h3 style=\"font-weight: 400; text-align: center;\">Czy wiesz, \u017ce mo\u017cesz zwr\u00f3ci\u0107 si\u0119 bezpo\u015brednio do Twojego Powiatowego Urz\u0119du Pracy o wsparcie finansowe. Je\u015bli nie wiesz, jak sobie pom\u00f3c,&nbsp;<b><strong>skontaktuj si\u0119 z nami<\/strong><\/b>. Pomo\u017cemy Ci wybra\u0107 odpowiednie szkolenie oraz dope\u0142ni\u0107 wszelkich formalno\u015bci we w\u0142a\u015bciwym Urz\u0119dzie Pracy.<\/h3>\n<h3 style=\"font-weight: 400; text-align: center;\">Ustawa z dnia 20.04.2004r. o promocji zatrudnienia i instytucjach rynku pracy (tekst jednolity Dz.U. z 2008 r. Nr. 69, poz. 415 z p\u00f3\u017an. zm.), umo\u017cliwia bezrobotnemu mo\u017cliwo\u015b\u0107 odbycia na koszt Powiatowego Urz\u0119du Pracy szkolenia zawodowego organizowanego przez plac\u00f3wk\u0119 o\u015bwiatow\u0105 posiadaj\u0105c\u0105 odpowiednie uprawnienia.&nbsp;O sfinansowanie szkolenia w trybie indywidualnym mo\u017ce ubiega\u0107 si\u0119 osoba bezrobotna\/poszukuj\u0105ca pracy zarejestrowana w Urz\u0119dzie Pracy. Szkolenie musi mie\u0107 na celu podniesienie kwalifikacji zawodowych i innych kwalifikacji, zwi\u0119kszaj\u0105cych szans\u0119 na uzyskanie lub utrzymanie zatrudnienia lub innej pracy zarobkowej.<\/h3>\n<h3 style=\"text-align: center;\">Zdobywaj\u0105c u nas praktyczn\u0105 wiedz\u0119 i umiej\u0119tno\u015bci otworzysz sobie wiele mo\u017cliwo\u015bci \u2013 nie tylko pracy na etat ale r\u00f3wnie\u017c w\u0142asnej, niezale\u017cnej dzia\u0142alno\u015bci us\u0142ugowej.<\/h3>\n<h3>&nbsp;<\/h3>\n<h3 style=\"text-align: center;\"><strong>INFORMACJE DOTYCZ\u0104CE ZACHOWANIA RE\u017bIMU SANITARNEGO PODCZAS SZKOLE\u0143 STACJONARNYCH<\/strong><\/h3>\n<h3>Dbaj\u0105c o Pa\u0144stwa bezpiecze\u0144stwo podczas szkole\u0144 stacjonarnych organizowanych przez Simple Solution Consulting przygotowane zosta\u0142y nast\u0119puj\u0105ce rozwi\u0105zania w celu minimalizacji ryzyka zaka\u017cenia wirusem SARS-CoV-2:<\/h3>\n<ul>\n<li>\n<h3>Zapewniamy odleg\u0142o\u015bci na sali szkoleniowej wynosz\u0105ce min. 1,5 m mi\u0119dzy uczestnikami oraz prowadz\u0105cym szkolenie;<\/h3>\n<\/li>\n<li>\n<h3>Wszystkie pomieszczenia oraz sprz\u0119t u\u017cytkowane w ci\u0105gu dnia s\u0105 regularnie dezynfekowane,<\/h3>\n<\/li>\n<li>\n<h3>Obs\u0142uga b\u0119dzie u\u017cywa\u0107 jednorazowych r\u0119kawiczek oraz korzysta\u0107 z maseczek,<\/h3>\n<\/li>\n<li>\n<h3>Serwis kawowy oraz lunch jest podawany w naczyniach jednorazowych,<\/h3>\n<\/li>\n<li>\n<h3>Korzystanie z przerw kawowych jest nielimitowane oraz dost\u0119pne przez ca\u0142y czas szkolenia,<\/h3>\n<\/li>\n<li>\n<h3>Liczba miejsc przy stolikach jest przystosowana do obowi\u0105zuj\u0105cych zalece\u0144,<\/h3>\n<\/li>\n<li>\n<h3>Dozowniki z p\u0142ynami do dezynfekcji znajduj\u0105 si\u0119 w miejscach og\u00f3lnodost\u0119pnych,<\/h3>\n<\/li>\n<li>\n<h3>Regularna wymiana powietrza we wszystkich pomieszczeniach.<\/h3>\n<\/li>\n<\/ul>\n<\/div>","protected":false},"excerpt":{"rendered":"<p>Nasza propozycja szkoleniowa to szeroki zakres szkole\u0144 z tematyki prawa<a href=\"https:\/\/e-ssc.pl\/?page_id=928\">Read More<i class=\"fa fa-long-arrow-right\" aria-hidden=\"true\"><\/i><\/a><\/p>\n","protected":false},"author":1,"featured_media":0,"parent":0,"menu_order":4,"comment_status":"closed","ping_status":"closed","template":"","meta":{"ngg_post_thumbnail":0,"footnotes":""},"class_list":["post-928","page","type-page","status-publish","hentry"],"_links":{"self":[{"href":"https:\/\/e-ssc.pl\/index.php?rest_route=\/wp\/v2\/pages\/928"}],"collection":[{"href":"https:\/\/e-ssc.pl\/index.php?rest_route=\/wp\/v2\/pages"}],"about":[{"href":"https:\/\/e-ssc.pl\/index.php?rest_route=\/wp\/v2\/types\/page"}],"author":[{"embeddable":true,"href":"https:\/\/e-ssc.pl\/index.php?rest_route=\/wp\/v2\/users\/1"}],"replies":[{"embeddable":true,"href":"https:\/\/e-ssc.pl\/index.php?rest_route=%2Fwp%2Fv2%2Fcomments&post=928"}],"version-history":[{"count":6,"href":"https:\/\/e-ssc.pl\/index.php?rest_route=\/wp\/v2\/pages\/928\/revisions"}],"predecessor-version":[{"id":1298,"href":"https:\/\/e-ssc.pl\/index.php?rest_route=\/wp\/v2\/pages\/928\/revisions\/1298"}],"wp:attachment":[{"href":"https:\/\/e-ssc.pl\/index.php?rest_route=%2Fwp%2Fv2%2Fmedia&parent=928"}],"curies":[{"name":"wp","href":"https:\/\/api.w.org\/{rel}","templated":true}]}}