{"id":879,"date":"2018-03-23T12:53:47","date_gmt":"2018-03-23T10:53:47","guid":{"rendered":"https:\/\/e-ssc.pl\/?page_id=879"},"modified":"2024-10-30T22:47:25","modified_gmt":"2024-10-30T20:47:25","slug":"szkolenie-rodo-ochrony-danych-osobowych-w-firmach-zewnetrznych-przetwarzajacych-powierzone-dane-osobowe-zmiany-2018","status":"publish","type":"page","link":"https:\/\/e-ssc.pl\/?page_id=879","title":{"rendered":"Szkolenie Inspektor Ochrony Danych Osobowych \u2013 od podstaw do praktyki."},"content":{"rendered":"<div class=\"post-content\"><h3 style=\"text-align: center;\">Serdecznie zapraszamy na szkolenie Inspektor Ochrony Danych Osobowych \u2013 od podstaw do praktyki. Przygotowanie do pe\u0142nienia funkcji ze szczeg\u00f3lnym uwzgl\u0119dnieniem obowi\u0105zk\u00f3w i odpowiedzialno\u015bci w zakresie ochrony danych osobowych. Na szkoleniu dowiesz si\u0119:<br \/>\n\u2022 Jak opracowa\u0107 system Ochrony Danych Osobowych<br \/>\n\u2022 Jak przeprowadzi\u0107 audyt stanu obecnego,<br \/>\n\u2022 Jakie s\u0105 wymogi dotycz\u0105ce przetwarzania danych osobowych,<br \/>\n\u2022 Jak przygotowa\u0107 niezb\u0119dn\u0105 dokumentacj\u0119,<br \/>\n\u2022 Poznasz obowi\u0105zki Inspektora Ochrony Danych.<\/h3>\n<h3 style=\"text-align: left;\">Najbli\u017csze terminy zaj\u0119\u0107 stacjonarnych: 23 stycznia 2025<\/h3>\n<h3>Miejsce kursu: \u017byrard\u00f3w<\/h3>\n<h3><strong>Koszt: 600 z\u0142 brutto od osoby&nbsp; i obejmuje:<\/strong><br \/>\n8 godzin zaj\u0119\u0107 dydaktycznych (w tym konsultacje indywidualne), materia\u0142y szkoleniowe, materia\u0142y do pracy (d\u0142ugopis, notes), kaw\u0119, herbat\u0119, ciastka.<\/h3>\n<h3>Program szkolenia:<br \/>\n<strong>1. RODO &#8211; najwa\u017cniejsze zmiany w ustawodawstwie dotycz\u0105cym ochrony danych osobowych.<\/strong><br \/>\n<strong>2. Wdro\u017cenie RODO w organizacji<\/strong><br \/>\n<strong>3. Kluczowe poj\u0119cia z zakresu danych osobowych w oparciu o rozporz\u0105dzenie (RODO)<\/strong><br \/>\n<strong>4. Obowi\u0105zki Administratora Danych, a zadania i odpowiedzialno\u015b\u0107 Inspektora Ochrony Danych<\/strong><br \/>\n<strong>5. Inspektor ochrony danych osobowych w organizacji<\/strong><br \/>\n\u2022 wyznaczanie Inspektora Ochrony Danych oraz obowi\u0105zki informacyjne z tym zwi\u0105zane<br \/>\n\u2022 pozycja Inspektora Ochrony Danych w organizacji<br \/>\n\u2022 forma zatrudnienia i kwalifikacje Inspektora Ochrony Danych<br \/>\n\u2022 zadania Inspektora Ochrony Danych<br \/>\n\u2022 Inspektor Ochrony Danych, a realizacja uprawnie\u0144 przez osoby, kt\u00f3rych dane dotycz\u0105<br \/>\n<strong>6. Wsp\u00f3\u0142praca Inspektora Ochrony Danych z organem nadzorczym.<\/strong><br \/>\n<strong>7. Konflikt interes\u00f3w. Etyka w dzia\u0142alno\u015bci Inspektora Ochrony Danych<\/strong><br \/>\n<strong>8. Monitoring ochrony danych<\/strong><br \/>\n<strong>9. Kontrole PUODO, notyfikacja narusze\u0144<\/strong><br \/>\n<strong>10. Szkolenia pracownik\u00f3w<\/strong><br \/>\n<strong>11. Dokumentacja przetwarzania danych osobowych<\/strong><br \/>\n\u2022 polityka bezpiecze\u0144stwa<br \/>\n\u2022 obowi\u0105zki informacyjne polityki ochrony danych<br \/>\n\u2022 umowy powierzenia przetwarzania<br \/>\n\u2022 rejestr czynno\u015bci przetwarzania danych<br \/>\n\u2022 klauzule zgody odpowiadaj\u0105ce RODO<br \/>\n\u2022 formularz narusze\u0144<\/h3>\n<h3><strong>Dlaczego my?<\/strong><br \/>\n<strong>&#8211; Nasze zaj\u0119cia prowadz\u0105 wyk\u0142adowcy praktycy.<\/strong><br \/>\n<strong>&#8211; Dzi\u0119ki zaj\u0119ciom faktycznie podniesiesz swoje kwalifikacje i zdob\u0119dziesz nowe umiej\u0119tno\u015bci.<\/strong><br \/>\n<strong>&#8211; Otrzymasz kompleksowe materia\u0142y szkoleniowe, kt\u00f3re wykorzystasz w pracy zawodowej.<\/strong><br \/>\n<strong>&#8211; Wszystkie nasze szkolenia obj\u0119te s\u0105 15% dofinansowaniem ze \u015brodk\u00f3w unijnych!<\/strong><br \/>\n<strong>&#8211; Ka\u017cdy z uczestnik\u00f3w otrzymuje za\u015bwiadczenie o uko\u0144czeniu kursu zgodne z rozporz\u0105dzeniem Ministra Edukacji Narodowej z dnia 11 stycznia 2012 r. w sprawie kszta\u0142cenia ustawicznego w formach pozaszkolnych.<\/strong><br \/>\n<strong>&#8211; Po zaj\u0119ciach przez 30 dni otaczamy naszych kursant\u00f3w opiek\u0105 po szkoleniow\u0105, w trakcie kt\u00f3rej mo\u017cesz si\u0119 z nami skontaktowa\u0107 telefonicznie i mailowo.<\/strong><\/h3>\n<h3><strong>INFORMACJE ORGANIZACYJNE:<\/strong><br \/>\nRezerwacja wg kolejno\u015bci zg\u0142osze\u0144. Ilo\u015b\u0107 miejsc ograniczona. W celu zg\u0142oszenia udzia\u0142u w szkoleniu nale\u017cy wype\u0142ni\u0107 formularz zg\u0142oszeniowy i przes\u0142a\u0107 go mailem na adres biuro@e-ssc.pl. Formularz zg\u0142oszenia jest dost\u0119pny na stronie g\u0142\u00f3wnej www.e-ssc.pl w zak\u0142adce formularz zg\u0142oszeniowy. Po otrzymaniu zg\u0142oszenia ode\u015blemy Pa\u0144stwu potwierdzenie przyj\u0119cia rezerwacji. Dodatkowe informacje mo\u017cna uzyska\u0107 pod numerem telefonu 796 854 555<\/h3>\n<h3>*Organizator zastrzega sobie prawo do zmiany terminu szkolenia lub jego odwo\u0142ania oraz zmiany wyk\u0142adowcy z przyczyn od niego niezale\u017cnych.<\/h3>\n<h3><strong>Warunki rezygnacji:<\/strong><br \/>\nRezygnacj\u0119 przyjmujemy najp\u00f3\u017aniej na 7 dni przed szkoleniem w formie pisemnej. Rezygnacja w p\u00f3\u017aniejszym terminie wi\u0105\u017ce si\u0119 z konieczno\u015bci\u0105 pokrycia koszt\u00f3w w 100%. Nieobecno\u015b\u0107 na szkoleniu nie zwalnia z dokonania op\u0142aty.<\/h3>\n<h3><strong>O wyk\u0142adowcy<\/strong>: Do\u015bwiadczony wyk\u0142adowca, pe\u0142ni\u0105cy funkcj\u0119 IOD w wielu jednostkach samorz\u0105dowych i firmach prywatnych. Jest wysoko oceniana przez uczestnik\u00f3w zaj\u0119\u0107. Wszystkie szkolenia prowadzi wy\u0142\u0105cznie w formie warsztatowej, podczas kt\u00f3rych uczestnicy mog\u0105 na bie\u017c\u0105co uzyska\u0107 odpowiedzi na nurtuj\u0105ce ich pytania.<\/h3>\n<h3 style=\"text-align: center;\">&nbsp;<\/h3>\n<\/div>","protected":false},"excerpt":{"rendered":"<p>Serdecznie zapraszamy na szkolenie Inspektor Ochrony Danych Osobowych \u2013 od<a href=\"https:\/\/e-ssc.pl\/?page_id=879\">Read More<i class=\"fa fa-long-arrow-right\" aria-hidden=\"true\"><\/i><\/a><\/p>\n","protected":false},"author":1,"featured_media":0,"parent":1121,"menu_order":11,"comment_status":"closed","ping_status":"closed","template":"","meta":{"ngg_post_thumbnail":0,"footnotes":""},"class_list":["post-879","page","type-page","status-publish","hentry"],"_links":{"self":[{"href":"https:\/\/e-ssc.pl\/index.php?rest_route=\/wp\/v2\/pages\/879"}],"collection":[{"href":"https:\/\/e-ssc.pl\/index.php?rest_route=\/wp\/v2\/pages"}],"about":[{"href":"https:\/\/e-ssc.pl\/index.php?rest_route=\/wp\/v2\/types\/page"}],"author":[{"embeddable":true,"href":"https:\/\/e-ssc.pl\/index.php?rest_route=\/wp\/v2\/users\/1"}],"replies":[{"embeddable":true,"href":"https:\/\/e-ssc.pl\/index.php?rest_route=%2Fwp%2Fv2%2Fcomments&post=879"}],"version-history":[{"count":26,"href":"https:\/\/e-ssc.pl\/index.php?rest_route=\/wp\/v2\/pages\/879\/revisions"}],"predecessor-version":[{"id":1387,"href":"https:\/\/e-ssc.pl\/index.php?rest_route=\/wp\/v2\/pages\/879\/revisions\/1387"}],"up":[{"embeddable":true,"href":"https:\/\/e-ssc.pl\/index.php?rest_route=\/wp\/v2\/pages\/1121"}],"wp:attachment":[{"href":"https:\/\/e-ssc.pl\/index.php?rest_route=%2Fwp%2Fv2%2Fmedia&parent=879"}],"curies":[{"name":"wp","href":"https:\/\/api.w.org\/{rel}","templated":true}]}}