{"id":79,"date":"2015-10-22T08:38:48","date_gmt":"2015-10-22T06:38:48","guid":{"rendered":"https:\/\/e-ssc.pl\/?page_id=79"},"modified":"2022-05-26T01:54:25","modified_gmt":"2022-05-25T23:54:25","slug":"kurs-ms-excel-podstawowy","status":"publish","type":"page","link":"https:\/\/e-ssc.pl\/?page_id=79","title":{"rendered":"Szkolenie z obs\u0142ugi MS Excel (poziom podstawowy)"},"content":{"rendered":"<div class=\"post-content\"><h3 style=\"text-align: center;\"><strong>Simple Solution Consulting zaprasza na dwudniowe szkolenie z obs\u0142ugi MS Excel (poziom podstawowy).&nbsp;<\/strong><strong>Szkolenie przeznaczone jest dla os\u00f3b zaczynaj\u0105cych przygod\u0119 z Excelem: zajmuj\u0105cych si\u0119 codzienn\u0105 <\/strong><strong>prac\u0105 biurow\u0105, zarz\u0105dzaniem informacjami, tworzeniem i porz\u0105dkowaniem podr\u0119cznych baz danych, <\/strong><strong>rozliczaj\u0105cych, nadzoruj\u0105cych, planuj\u0105cych, raportuj\u0105cych. Szkolenie, w formie warsztat\u00f3w, ma na celu uzyskanie wiedzy i umiej\u0119tno\u015bci z zakresu podstawowego, ale gruntownego pos\u0142ugiwania si\u0119 narz\u0119dziami dost\u0119pnymi w programie MS Excel.<\/strong><\/h3>\n<h3 style=\"text-align: left;\"><strong>Terminy zaj\u0119\u0107:<\/strong><\/h3>\n<h3>Miejsce kursu: \u017byrard\u00f3w<\/h3>\n<h3><strong>Koszt: 1200 z\u0142 brutto od osoby (zwolnienie z podatku VAT)&nbsp; &nbsp;i obejmuje:<\/strong><br \/>\n16 godzin zaj\u0119\u0107 dydaktycznych (w tym konsultacje indywidualne), materia\u0142y szkoleniowe, materia\u0142y do pracy (d\u0142ugopis, notes), kaw\u0119, herbat\u0119, ciastka.<\/h3>\n<h3>Ka\u017cdy z uczestnik\u00f3w otrzymuje za\u015bwiadczenie o uko\u0144czeniu kursu zgodne z rozporz\u0105dzeniem Ministra Edukacji Narodowej z dnia 11 stycznia 2012 r. w sprawie kszta\u0142cenia ustawicznego w formach pozaszkolnych.<\/h3>\n<h3><strong>Program<\/strong>:<br \/>\n\u2022 Og\u00f3lne informacje na temat \u015brodowiska programu Microsoft Excel.<br \/>\n\u2022 Elementy nawigacyjne, informacyjne i funkcyjne, wst\u0105\u017cka.<br \/>\n\u2022 Poruszanie si\u0119 po arkuszach, dzia\u0142ania na plikach.<br \/>\n\u2022 Widoki.<br \/>\n\u2022 Prawid\u0142owe wprowadzanie danych.<br \/>\n\u2022 Formatowanie:<br \/>\n\u2022 Formaty tekstowe, liczbowe, walutowe, procentowe, specjalne i u\u017cytkownika,<br \/>\n\u2022 Style wbudowane,<br \/>\n\u2022 Obramowanie i cieniowanie kom\u00f3rek,<br \/>\n\u2022 Zmiana kolor\u00f3w i ustawienia po\u0142o\u017cenia tekstu.<br \/>\n\u2022 Formatowanie warunkowe.<br \/>\n\u2022 Kopiowanie, przenoszenie, zaznaczanie wielu obszar\u00f3w.<br \/>\n\u2022 Wype\u0142nianie automatyczne, serie danych.<br \/>\n\u2022 Komentarze i recenzja.<br \/>\n\u2022 Tworzenie formu\u0142.<br \/>\n\u2022 Adresowanie wzgl\u0119dne i bezwzgl\u0119dne.<br \/>\n\u2022 Podstawowe funkcje programu \u2013 tworzenie i edycja.<br \/>\n\u2022 Praktyczne zastosowania funkcji w codziennej pracy.<br \/>\n\u2022 Drukowanie:<br \/>\n\u2022 Ustawienia stron i obszar\u00f3w wydruku,<br \/>\n\u2022 Dodatkowe mo\u017cliwo\u015bci \u2013 stopki i nag\u0142\u00f3wki.<br \/>\n\u2022 Dane w MS Excel:<br \/>\n\u2022 MS Excel jako baza danych,<br \/>\n\u2022 Autofiltr,<br \/>\n\u2022 Sortowanie,<br \/>\n\u2022 Konspekty.<br \/>\n\u2022 Poprawno\u015b\u0107 danych.<br \/>\n\u2022 Wykresy \u2013 graficzne przedstawianie danych:<br \/>\n\u2022 Kreator wykres\u00f3w,<br \/>\n\u2022 Modyfikacje wykres\u00f3w wg potrzeb,<br \/>\n\u2022 modyfikowanie wykres\u00f3w.<br \/>\n\u2022 Przydatne sztuczki i skr\u00f3ty u\u0142atwiaj\u0105ce i przyspieszaj\u0105ce prac\u0119.<br \/>\n\u2022 Unikanie b\u0142\u0119d\u00f3w w pracy z arkuszami.<\/h3>\n<h3><strong>INFORMACJE ORGANIZACYJNE:<\/strong><br \/>\nWarunkiem rozpocz\u0119cia kursu jest przes\u0142anie zg\u0142oszenia oraz wp\u0142ata nale\u017cno\u015bci na konto. Formularz zg\u0142oszenia jest dost\u0119pny na stronie g\u0142\u00f3wnej www.e-ssc.pl w zak\u0142adce formularz zg\u0142oszeniowy.<\/h3>\n<h3><strong>O wyk\u0142adowcy: Do\u015bwiadczony wyk\u0142adowca. Specjalista w dziedzinie informatyki. Jest wysoko oceniany przez uczestnik\u00f3w zaj\u0119\u0107. Wszystkie kursy i szkolenia prowadzi niemal wy\u0142\u0105cznie w formie warsztatowej. Podczas zaj\u0119\u0107 uczestnicy mog\u0105 na bie\u017c\u0105co uzyska\u0107 odpowiedzi na nurtuj\u0105ce ich pytania.<\/strong><\/h3>\n<h3 style=\"text-align: center;\"><strong>Simple-Solution-Consulting<\/strong><br \/>\n<strong>\u017byrard\u00f3w, ul. Izy Zieli\u0144skiej 13a I pi\u0119tro<\/strong><br \/>\n<strong>tel. 796 854 555 mail: biuro@e-ssc.pl<\/strong><br \/>\n<strong>Polub nas na Facebook \u2013 Simple Solution Consulting<\/strong><\/h3>\n<\/div>","protected":false},"excerpt":{"rendered":"<p>Simple Solution Consulting zaprasza na dwudniowe szkolenie z obs\u0142ugi MS<a href=\"https:\/\/e-ssc.pl\/?page_id=79\">Read More<i class=\"fa fa-long-arrow-right\" aria-hidden=\"true\"><\/i><\/a><\/p>\n","protected":false},"author":1,"featured_media":0,"parent":70,"menu_order":2,"comment_status":"closed","ping_status":"closed","template":"","meta":{"ngg_post_thumbnail":0,"footnotes":""},"class_list":["post-79","page","type-page","status-publish","hentry"],"_links":{"self":[{"href":"https:\/\/e-ssc.pl\/index.php?rest_route=\/wp\/v2\/pages\/79"}],"collection":[{"href":"https:\/\/e-ssc.pl\/index.php?rest_route=\/wp\/v2\/pages"}],"about":[{"href":"https:\/\/e-ssc.pl\/index.php?rest_route=\/wp\/v2\/types\/page"}],"author":[{"embeddable":true,"href":"https:\/\/e-ssc.pl\/index.php?rest_route=\/wp\/v2\/users\/1"}],"replies":[{"embeddable":true,"href":"https:\/\/e-ssc.pl\/index.php?rest_route=%2Fwp%2Fv2%2Fcomments&post=79"}],"version-history":[{"count":20,"href":"https:\/\/e-ssc.pl\/index.php?rest_route=\/wp\/v2\/pages\/79\/revisions"}],"predecessor-version":[{"id":1360,"href":"https:\/\/e-ssc.pl\/index.php?rest_route=\/wp\/v2\/pages\/79\/revisions\/1360"}],"up":[{"embeddable":true,"href":"https:\/\/e-ssc.pl\/index.php?rest_route=\/wp\/v2\/pages\/70"}],"wp:attachment":[{"href":"https:\/\/e-ssc.pl\/index.php?rest_route=%2Fwp%2Fv2%2Fmedia&parent=79"}],"curies":[{"name":"wp","href":"https:\/\/api.w.org\/{rel}","templated":true}]}}