{"id":386,"date":"2016-04-21T17:39:06","date_gmt":"2016-04-21T15:39:06","guid":{"rendered":"https:\/\/e-ssc.pl\/?page_id=386"},"modified":"2022-05-26T01:55:00","modified_gmt":"2022-05-25T23:55:00","slug":"szkolenie-ms-excel-poziom-sredniozaawansowany","status":"publish","type":"page","link":"https:\/\/e-ssc.pl\/?page_id=386","title":{"rendered":"Szkolenie MS Excel (poziom \u015brednio zaawansowany)"},"content":{"rendered":"<div class=\"post-content\"><h3 style=\"text-align: center;\"><strong>Simple Solution Consulting zaprasza na szkolenie z obs\u0142ugi MS Excel (poziom \u015bredniozaawansowany). Szkolenie adresowane do u\u017cytkownik\u00f3w Excela \u2013 os\u00f3b, kt\u00f3re ju\u017c z niego korzystaj\u0105, ale chc\u0105 zwi\u0119kszy\u0107 swoje umiej\u0119tno\u015bci i pozna\u0107 nowe mo\u017cliwo\u015bci programu. Podczas szkolenia zostan\u0105 przedstawione praktyczne zastosowania Excela w codziennej pracy.&nbsp;<\/strong><\/h3>\n<h3 style=\"text-align: left;\"><strong>Terminy zaj\u0119\u0107:<\/strong><\/h3>\n<h3>Miejsce kursu: \u017byrard\u00f3w<\/h3>\n<h3><strong>Koszt: 1200 z\u0142 brutto od osoby (zwolnienie z podatku VAT)&nbsp; &nbsp;i obejmuje:<\/strong><br \/>\n16 godzin zaj\u0119\u0107 dydaktycznych (w tym konsultacje indywidualne), materia\u0142y szkoleniowe, materia\u0142y do pracy (d\u0142ugopis, notes), kaw\u0119, herbat\u0119, ciastka.<\/h3>\n<h3>Ka\u017cdy z uczestnik\u00f3w otrzymuje za\u015bwiadczenie o uko\u0144czeniu kursu zgodne z rozporz\u0105dzeniem Ministra Edukacji Narodowej z dnia 11 stycznia 2012 r. w sprawie kszta\u0142cenia ustawicznego w formach pozaszkolnych.<\/h3>\n<h3><strong>W programie m.in.:<\/strong><\/h3>\n<h3><strong>1. Powt\u00f3rzenie podstaw programu Excel<\/strong><br \/>\n\u2022 Wprowadzanie i edycja danych, wybieranie, wyszukiwanie kom\u00f3rek i grup kom\u00f3rek.<br \/>\n\u2022 Kopiowanie, wklejanie, wype\u0142nianie kom\u00f3rek i zakres\u00f3w.<br \/>\n\u2022 Wstawianie i praca z prostymi obiektami (grafika, ramka).<br \/>\n\u2022 Formatowanie graficzne. Typy danych i formatowanie wed\u0142ug typu danych.<br \/>\n\u2022 Komentarze: wstawianie, wygl\u0105d, edycja.<br \/>\n\u2022 Nazywanie kom\u00f3rek i zakres\u00f3w.<\/h3>\n<h3><strong>2. Formu\u0142y<\/strong><br \/>\n\u2022 najcz\u0119\u015bciej u\u017cywane funkcje matematyczne.<br \/>\n\u2022 adresowanie wzgl\u0119dne i bezwzgl\u0119dne.<br \/>\n\u2022 funkcje finansowe.<br \/>\n\u2022 wybrane funkcje pomocnicze (czasu i daty, tekstowe).<br \/>\n\u2022 funkcje logiczne.<br \/>\n\u2022 funkcja warunkowa je\u017celi (prosta i zagnie\u017cd\u017cona).<\/h3>\n<h3><strong>3. Formatowanie warunkowe.<\/strong><br \/>\n\u2022 Regu\u0142y oparte ma warto\u015bciach kom\u00f3rek<br \/>\n\u2022 Regu\u0142y oparte na formu\u0142ach<\/h3>\n<h3><strong>4. Sprawdzanie poprawno\u015bci danych. Podstawowa walidacja danych<\/strong><\/h3>\n<h3><strong>5. Analiza danych<\/strong><br \/>\n\u2022 Sortowanie i filtrowanie<br \/>\n\u2022 Filtrowanie zaawansowane<br \/>\n\u2022 Funkcja WYSZUKAJ.PIONOWO<br \/>\n\u2022 Funkcja SUMY.CZ\u0118\u015aCIOWE<\/h3>\n<h3><strong>6. Drukowanie i jego opcje<\/strong><br \/>\n\u2022 Przygotowywanie arkusza do druku.<\/h3>\n<h3><strong>7. Zarz\u0105dzanie skoroszytami<\/strong><br \/>\n\u2022 Tworzenie i organizacja skoroszyt\u00f3w.<br \/>\n\u2022 Szablony skoroszyt\u00f3w.<br \/>\n\u2022 Odno\u015bniki mi\u0119dzy skoroszytami.<\/h3>\n<h3><strong>8. Tabele przestawne i wykresy przestawne<\/strong><br \/>\n\u2022 Tworzenie Tabeli przestawnej<br \/>\n\u2022 Modyfikacje tabeli przestawnej<br \/>\n\u2022 Grupowanie danych<br \/>\n\u2022 Sortowanie i filtrowanie wykresu przestawnego.<\/h3>\n<h3><strong>9. Zarz\u0105dzanie danymi<\/strong><br \/>\n\u2022 Formaty plik\u00f3w i ich charakterystyka.<br \/>\n\u2022 Importowanie i eksportowanie danych.<\/h3>\n<h3><strong>10. Praca z wykresami<\/strong><br \/>\n\u2022 Typy wykres\u00f3w i okre\u015blanie \u017ar\u00f3de\u0142 danych.<br \/>\n\u2022 Formatowanie wykres\u00f3w.<\/h3>\n<h3><strong>INFORMACJE ORGANIZACYJNE:<\/strong><br \/>\nWarunkiem rozpocz\u0119cia kursu jest przes\u0142anie zg\u0142oszenia oraz wp\u0142ata nale\u017cno\u015bci na konto. Formularz zg\u0142oszenia jest dost\u0119pny na stronie g\u0142\u00f3wnej www.e-ssc.pl w zak\u0142adce formularz zg\u0142oszeniowy.<\/h3>\n<h3><strong>O wyk\u0142adowcy: Do\u015bwiadczony wyk\u0142adowca. Specjalista w dziedzinie informatyki. Jest wysoko oceniany przez uczestnik\u00f3w zaj\u0119\u0107. Wszystkie kursy i szkolenia prowadzi niemal wy\u0142\u0105cznie w formie warsztatowej. Podczas zaj\u0119\u0107 uczestnicy mog\u0105 na bie\u017c\u0105co uzyska\u0107 odpowiedzi na nurtuj\u0105ce ich pytania.<\/strong><\/h3>\n<h3 style=\"text-align: center;\"><strong>Simple-Solution-Consulting<\/strong><br \/>\n<strong>\u017byrard\u00f3w, ul. Izy Zieli\u0144skiej 13a I pi\u0119tro<\/strong><br \/>\n<strong>tel. 796 854 555 mail: biuro@e-ssc.pl<\/strong><br \/>\n<strong>Polub nas na Facebook \u2013 Simple Solution Consulting<\/strong><\/h3>\n<\/div>","protected":false},"excerpt":{"rendered":"<p>Simple Solution Consulting zaprasza na szkolenie z obs\u0142ugi MS Excel<a href=\"https:\/\/e-ssc.pl\/?page_id=386\">Read More<i class=\"fa fa-long-arrow-right\" aria-hidden=\"true\"><\/i><\/a><\/p>\n","protected":false},"author":1,"featured_media":0,"parent":70,"menu_order":3,"comment_status":"closed","ping_status":"closed","template":"","meta":{"ngg_post_thumbnail":0,"footnotes":""},"class_list":["post-386","page","type-page","status-publish","hentry"],"_links":{"self":[{"href":"https:\/\/e-ssc.pl\/index.php?rest_route=\/wp\/v2\/pages\/386"}],"collection":[{"href":"https:\/\/e-ssc.pl\/index.php?rest_route=\/wp\/v2\/pages"}],"about":[{"href":"https:\/\/e-ssc.pl\/index.php?rest_route=\/wp\/v2\/types\/page"}],"author":[{"embeddable":true,"href":"https:\/\/e-ssc.pl\/index.php?rest_route=\/wp\/v2\/users\/1"}],"replies":[{"embeddable":true,"href":"https:\/\/e-ssc.pl\/index.php?rest_route=%2Fwp%2Fv2%2Fcomments&post=386"}],"version-history":[{"count":19,"href":"https:\/\/e-ssc.pl\/index.php?rest_route=\/wp\/v2\/pages\/386\/revisions"}],"predecessor-version":[{"id":1361,"href":"https:\/\/e-ssc.pl\/index.php?rest_route=\/wp\/v2\/pages\/386\/revisions\/1361"}],"up":[{"embeddable":true,"href":"https:\/\/e-ssc.pl\/index.php?rest_route=\/wp\/v2\/pages\/70"}],"wp:attachment":[{"href":"https:\/\/e-ssc.pl\/index.php?rest_route=%2Fwp%2Fv2%2Fmedia&parent=386"}],"curies":[{"name":"wp","href":"https:\/\/api.w.org\/{rel}","templated":true}]}}