{"id":217,"date":"2016-02-08T02:34:45","date_gmt":"2016-02-08T00:34:45","guid":{"rendered":"https:\/\/e-ssc.pl\/?page_id=217"},"modified":"2024-10-30T22:42:11","modified_gmt":"2024-10-30T20:42:11","slug":"zasilki-w-praktyce-swiadczenia-za-czas-niezdolnosci-do-pracy","status":"publish","type":"page","link":"https:\/\/e-ssc.pl\/?page_id=217","title":{"rendered":"Szkolenie Obs\u0142uga programu P\u0142atnik + e-ZUS"},"content":{"rendered":"<div class=\"post-content\"><h3 style=\"text-align: center;\">Serdecznie zapraszamy na Szkolenie z obs\u0142ugi programu P\u0142atnik +e-ZUS. Znajomo\u015b\u0107 obs\u0142ugi programu P\u0142atnik jest niezb\u0119dnym elementem w pracy os\u00f3b maj\u0105cych do czynienia z rozliczeniami ZUS a prawid\u0142owa obs\u0142uga programu jest w du\u017cej mierze gwarantem zmniejszenia liczby korekt sk\u0142adanych dokument\u00f3w. &nbsp;Zaj\u0119cia zosta\u0142y zaplanowane tak, aby opanowa\u0107 wiedz\u0119 praktyczn\u0105 wraz z umiej\u0119tno\u015bci\u0105 zastosowania jej w codziennej pracy.<\/h3>\n<h3 style=\"text-align: left;\">Najbli\u017cszy termin zaj\u0119\u0107 stacjonarnych: 29 stycznia 2025<\/h3>\n<h3>Miejsce kursu: \u017byrard\u00f3w<\/h3>\n<h3><strong>Koszt: 600 z\u0142 brutto od osoby&nbsp; i obejmuje:<\/strong><br \/>\n8 godzin zaj\u0119\u0107 dydaktycznych (w tym konsultacje indywidualne), materia\u0142y szkoleniowe, materia\u0142y do pracy (d\u0142ugopis, notes), kaw\u0119, herbat\u0119, ciastka.<\/h3>\n<h3><strong>Program szkolenia:<\/strong><br \/>\n<strong>1. Wprowadzenie do programu P\u0142atnik&nbsp;&nbsp;<\/strong><\/h3>\n<h3><strong>2. Zak\u0142adanie Kartotek w Rejestrze P\u0142atnik\u00f3w<\/strong><\/h3>\n<h3><strong>3. Zg\u0142oszenie P\u0142atnika sk\u0142adek do ZUS<\/strong><br \/>\n\u2022 Zg\u0142oszenie osoby prawnej<br \/>\n\u2022 Zg\u0142oszenie osoby fizycznej<\/h3>\n<h3><strong>4. Rejestr ubezpieczonych<\/strong><\/h3>\n<h3><strong>5. Tworzenie dokument\u00f3w zg\u0142oszeniowych w programie<\/strong><br \/>\n\u2022 zg\u0142aszanie r\u00f3\u017cnego typu ubezpieczonych<br \/>\n\u2022 zg\u0142aszanie cz\u0142onk\u00f3w rodziny<br \/>\n\u2022 wyrejestrowywanie z ubezpiecze\u0144<br \/>\n\u2022 wyrejestrowanie cz\u0142onk\u00f3w rodziny<\/h3>\n<h3><strong>6. Korekta lub zmiana dokument\u00f3w zg\u0142oszeniowych<\/strong><\/h3>\n<h3><strong>7. Tworzenie dokument\u00f3w rozliczeniowych<\/strong><br \/>\n\u2022 Typy raport\u00f3w rozliczeniowych i zasady wype\u0142niania<br \/>\n\u2022 Tworzenie zestaw\u00f3w dokument\u00f3w<\/h3>\n<h3><strong>8. Korekta lub zmiana dokument\u00f3w rozliczeniowych<\/strong><\/h3>\n<h3><strong>9. Przekaz elektroniczny , wysy\u0142ka i potwierdzanie dokument\u00f3w do ZUS<\/strong><\/h3>\n<h3><strong>10. Tworzenie informacji miesi\u0119cznych i rocznych dla ubezpieczonych<\/strong><\/h3>\n<h3><strong>11. Rejestracja p\u0142atnika na platformie e-ZUS<\/strong><\/h3>\n<h3><strong>12. Obs\u0142uga e-ZUS krok po kroku<\/strong><br \/>\n\u2022 panele \u2013 og\u00f3lny, ubezpieczony, \u015bwiadczeniobiorca, p\u0142atnik,<br \/>\n\u2022 kompleksowa obs\u0142uga panelu e-p\u0142atnik.<\/h3>\n<h3><strong>Dlaczego my?<\/strong><br \/>\n<strong>&#8211; Nasze zaj\u0119cia prowadz\u0105 wyk\u0142adowcy praktycy.<\/strong><br \/>\n<strong>&#8211; Dzi\u0119ki zaj\u0119ciom faktycznie podniesiesz swoje kwalifikacje i zdob\u0119dziesz nowe umiej\u0119tno\u015bci.<\/strong><br \/>\n<strong>&#8211; Otrzymasz kompleksowe materia\u0142y szkoleniowe, kt\u00f3re wykorzystasz w pracy zawodowej.<\/strong><br \/>\n<strong>&#8211; Wszystkie nasze szkolenia obj\u0119te s\u0105 15% dofinansowaniem ze \u015brodk\u00f3w unijnych!<\/strong><br \/>\n<strong>&#8211; Ka\u017cdy z uczestnik\u00f3w otrzymuje za\u015bwiadczenie o uko\u0144czeniu kursu zgodne z rozporz\u0105dzeniem Ministra Edukacji Narodowej z dnia 11 stycznia 2012 r. w sprawie kszta\u0142cenia ustawicznego w formach pozaszkolnych.<\/strong><br \/>\n<strong>&#8211; Po zaj\u0119ciach przez 30 dni otaczamy naszych kursant\u00f3w opiek\u0105 po szkoleniow\u0105, w trakcie kt\u00f3rej mo\u017cesz si\u0119 z nami skontaktowa\u0107 telefonicznie i mailowo.<\/strong><\/h3>\n<h3><strong>INFORMACJE ORGANIZACYJNE:<\/strong><br \/>\nRezerwacja wg kolejno\u015bci zg\u0142osze\u0144. Ilo\u015b\u0107 miejsc ograniczona. W celu zg\u0142oszenia udzia\u0142u w szkoleniu nale\u017cy wype\u0142ni\u0107 formularz zg\u0142oszeniowy i przes\u0142a\u0107 go mailem na adres biuro@e-ssc.pl. Formularz zg\u0142oszenia jest dost\u0119pny na stronie g\u0142\u00f3wnej www.e-ssc.pl w zak\u0142adce formularz zg\u0142oszeniowy. Po otrzymaniu zg\u0142oszenia ode\u015blemy Pa\u0144stwu potwierdzenie przyj\u0119cia rezerwacji. Dodatkowe informacje mo\u017cna uzyska\u0107 pod numerem telefonu 796 854 555<\/h3>\n<h3>*Organizator zastrzega sobie prawo do zmiany terminu szkolenia lub jego odwo\u0142ania oraz zmiany wyk\u0142adowcy z przyczyn od niego niezale\u017cnych.<\/h3>\n<h3><strong>Warunki rezygnacji:<\/strong><br \/>\nRezygnacj\u0119 przyjmujemy najp\u00f3\u017aniej na 7 dni przed szkoleniem w formie pisemnej. Rezygnacja w p\u00f3\u017aniejszym terminie wi\u0105\u017ce si\u0119 z konieczno\u015bci\u0105 pokrycia koszt\u00f3w w 100%. Nieobecno\u015b\u0107 na szkoleniu nie zwalnia z dokonania op\u0142aty.<\/h3>\n<h3><strong>O wyk\u0142adowcy<\/strong>: Do\u015bwiadczony wyk\u0142adowca, ekspert prawa pracy, wynagrodze\u0144 i ubezpiecze\u0144 spo\u0142ecznych. Jest wysoko oceniana przez uczestnik\u00f3w zaj\u0119\u0107. Wszystkie szkolenia prowadzi wy\u0142\u0105cznie w formie warsztatowej, podczas kt\u00f3rych uczestnicy mog\u0105 na bie\u017c\u0105co uzyska\u0107 odpowiedzi na nurtuj\u0105ce ich pytania.<\/h3>\n<h3 style=\"text-align: center;\">&nbsp;<\/h3>\n<\/div>","protected":false},"excerpt":{"rendered":"<p>Serdecznie zapraszamy na Szkolenie z obs\u0142ugi programu P\u0142atnik +e-ZUS. Znajomo\u015b\u0107<a href=\"https:\/\/e-ssc.pl\/?page_id=217\">Read More<i class=\"fa fa-long-arrow-right\" aria-hidden=\"true\"><\/i><\/a><\/p>\n","protected":false},"author":1,"featured_media":0,"parent":1121,"menu_order":8,"comment_status":"closed","ping_status":"closed","template":"","meta":{"ngg_post_thumbnail":0,"footnotes":""},"class_list":["post-217","page","type-page","status-publish","hentry"],"_links":{"self":[{"href":"https:\/\/e-ssc.pl\/index.php?rest_route=\/wp\/v2\/pages\/217"}],"collection":[{"href":"https:\/\/e-ssc.pl\/index.php?rest_route=\/wp\/v2\/pages"}],"about":[{"href":"https:\/\/e-ssc.pl\/index.php?rest_route=\/wp\/v2\/types\/page"}],"author":[{"embeddable":true,"href":"https:\/\/e-ssc.pl\/index.php?rest_route=\/wp\/v2\/users\/1"}],"replies":[{"embeddable":true,"href":"https:\/\/e-ssc.pl\/index.php?rest_route=%2Fwp%2Fv2%2Fcomments&post=217"}],"version-history":[{"count":31,"href":"https:\/\/e-ssc.pl\/index.php?rest_route=\/wp\/v2\/pages\/217\/revisions"}],"predecessor-version":[{"id":1383,"href":"https:\/\/e-ssc.pl\/index.php?rest_route=\/wp\/v2\/pages\/217\/revisions\/1383"}],"up":[{"embeddable":true,"href":"https:\/\/e-ssc.pl\/index.php?rest_route=\/wp\/v2\/pages\/1121"}],"wp:attachment":[{"href":"https:\/\/e-ssc.pl\/index.php?rest_route=%2Fwp%2Fv2%2Fmedia&parent=217"}],"curies":[{"name":"wp","href":"https:\/\/api.w.org\/{rel}","templated":true}]}}