{"id":208,"date":"2016-02-08T02:24:23","date_gmt":"2016-02-08T00:24:23","guid":{"rendered":"https:\/\/e-ssc.pl\/?page_id=208"},"modified":"2024-10-30T22:49:00","modified_gmt":"2024-10-30T20:49:00","slug":"naliczanie-wynagrodzen-od-podstaw-w-praktyce","status":"publish","type":"page","link":"https:\/\/e-ssc.pl\/?page_id=208","title":{"rendered":"Specjalista ds. p\u0142ac &#8211; intensywny kurs dla pocz\u0105tkuj\u0105cych."},"content":{"rendered":"<div class=\"post-content\"><h3 style=\"text-align: center;\"><strong>Kurs skierowany jest do kandydat\u00f3w jak i praktyk\u00f3w, stawiaj\u0105cych pierwsze kroki zawodowe w obszarze p\u0142ac i rozliczania wynagrodze\u0144, zamierzaj\u0105cych zdoby\u0107 i pog\u0142\u0119bi\u0107 wiedz\u0119 oraz podnie\u015b\u0107 swoje kwalifikacje zawodowe. Zaj\u0119cia poszerzone zosta\u0142y o modu\u0142 &#8211; nauka obs\u0142ugi programu P\u0142atnik oraz modu\u0142 programu Excel, kt\u00f3re zwi\u0119ksz\u0105 efektywno\u015b\u0107 pracy. Nauczymy jak sprawnie pos\u0142ugiwa\u0107 si\u0119 formu\u0142ami, wyszukiwa\u0107 i filtrowa\u0107 dane oraz tworzy\u0107 raporty w formie tabel przestawnych. Gwarantujemy, \u017ce nauka poprzez praktyczne \u0107wiczenia u\u0142atwi zrozumienie poruszanych zagadnie\u0144.<\/strong><\/h3>\n<h3><strong>Kurs przygotowuje do pracy w dziale kadrowo-p\u0142acowym i kszta\u0142tuje umiej\u0119tno\u015bci do zawodu pracownik obs\u0142ugi p\u0142acowej kod zawodu \u2013 41301<\/strong><\/h3>\n<h3>&nbsp;<\/h3>\n<h3 style=\"text-align: left;\"><span style=\"color: #000000;\"><strong>Terminy zaj\u0119\u0107:<\/strong><\/span><\/h3>\n<h3>Miejsce kursu: \u017byrard\u00f3w<\/h3>\n<h3><strong>Koszt: 2800 z\u0142 brutto od osoby (zwolnienie z podatku VAT)&nbsp; &nbsp;i obejmuje:<\/strong><br \/>\n40 godzin zaj\u0119\u0107 dydaktycznych (w tym konsultacje indywidualne), materia\u0142y szkoleniowe, materia\u0142y do pracy (d\u0142ugopis, notes), kaw\u0119, herbat\u0119, ciastka.<\/h3>\n<h3>Ka\u017cdy z uczestnik\u00f3w otrzymuje za\u015bwiadczenie o uko\u0144czeniu kursu zgodne z rozporz\u0105dzeniem Ministra Edukacji Narodowej z dnia 11 stycznia 2012 r. w sprawie kszta\u0142cenia ustawicznego w formach pozaszkolnych.<\/h3>\n<h3><strong>&nbsp;<\/strong><strong>Program zaj\u0119\u0107:<\/strong><\/h3>\n<h3><strong>&nbsp;<\/strong><strong>Dzie\u0144 I<\/strong><\/h3>\n<ol>\n<li>\n<h3><strong> Regulacje prawne<\/strong><\/h3>\n<h3>Kodeks pracy, ustawy i rozporz\u0105dzenia wykonawcze na li\u015bcie p\u0142ac<\/h3>\n<h3>System ubezpiecze\u0144 spo\u0142ecznych i zdrowotnych a lista p\u0142ac<\/h3>\n<h3>System podatkowy<\/h3>\n<h3>Dokumentacja p\u0142acowa<\/h3>\n<\/li>\n<li>\n<h3><strong> Naliczanie listy p\u0142ac dla pracownik\u00f3w<\/strong><\/h3>\n<h3>Przych\u00f3d z umowy o prac\u0119 podstaw\u0105 do naliczania sk\u0142adek ZUS i zaliczki na podatek<\/h3>\n<h3>Warto\u015b\u0107 sk\u0142adek ZUS p\u0142aconych przez pracownika i pracodawc\u0119<\/h3>\n<h3>Skala podatkowa, koszty uzyskania przychodu<\/h3>\n<h3>Minimalne wynagrodzenie za prac\u0119<\/h3>\n<\/li>\n<\/ol>\n<h3><strong>&nbsp;<\/strong><strong>Dzie\u0144 II<\/strong><\/h3>\n<ol start=\"3\">\n<li>\n<h3><strong> Sk\u0142adki na ubezpieczenia spo\u0142eczne i zdrowotne<\/strong><\/h3>\n<h3>Wysoko\u015b\u0107 sk\u0142adek<\/h3>\n<h3>Podstawa naliczania sk\u0142adek<\/h3>\n<h3>Przychody zwolnione ze sk\u0142adek<\/h3>\n<h3>\u015awiadczenia na rzecz pracownik\u00f3w a sk\u0142adki ZUS<\/h3>\n<\/li>\n<li>\n<h3><strong> Podatek dochodowy<\/strong><\/h3>\n<h3>Skala podatkowa<\/h3>\n<h3>\u015awiadczenia na rzecz pracownik\u00f3w a zaliczka na podatek dochodowy<\/h3>\n<h3>Wyliczanie zaliczki na podatek dochodowy<\/h3>\n<h3>Przychody zwolnione od podatku i sk\u0142adek<\/h3>\n<\/li>\n<li>\n<h3><strong> Fundusz pracy i fundusz gwarantowanych \u015bwiadcze\u0144 pracowniczych<\/strong><\/h3>\n<h3>Wysoko\u015b\u0107 sk\u0142adek<\/h3>\n<h3>Podstawa naliczania sk\u0142adek<\/h3>\n<h3>Zasady zwolnie\u0144 z op\u0142acania sk\u0142adek<\/h3>\n<h3>R\u00f3\u017cnica pomi\u0119dzy naliczaniem FP i FG\u015aP<\/h3>\n<h3>Sk\u0142adki i Fundusze na deklaracjach rozliczeniowych ZUS<\/h3>\n<\/li>\n<\/ol>\n<h3><strong>&nbsp;<\/strong><strong>Dzie\u0144 III<\/strong><\/h3>\n<ol start=\"6\">\n<li>\n<h3><strong> Sk\u0142adniki wynagrodzenia<\/strong><\/h3>\n<h3>Wynagrodzenie za czas pe\u0142nionego dy\u017curu<\/h3>\n<h3>Wynagrodzenie za czas niezawinionego przestoju<\/h3>\n<h3>Wynagrodzenie za prac\u0119 w godzinach nadliczbowych i nocnych<\/h3>\n<h3>Wynagrodzenie urlopowe i ekwiwalent pieni\u0119\u017cny za urlop<\/h3>\n<h3>Odprawy, odszkodowania<\/h3>\n<h3>Dodatki<\/h3>\n<h3>Premie\/nagrody\/prowizje<\/h3>\n<h3>Opieka medyczna i inne \u015bwiadczenia rzeczowe<\/h3>\n<h3>\u015awiadczenia z Zak\u0142adowego Funduszu \u015awiadcze\u0144 Socjalnych<\/h3>\n<h3>Uwzgl\u0119dnianie sk\u0142adnik\u00f3w fakultatywnych w podstawach nalicze\u0144 wynagrodzenia za urlop i zasi\u0142k\u00f3w<\/h3>\n<\/li>\n<li>\n<h3><strong> Absencja pracownika i jej wp\u0142yw na wynagrodzenie<\/strong><\/h3>\n<h3>Zwolnienie lekarskie<\/h3>\n<h3>Urlop bezp\u0142atny<\/h3>\n<h3>Urlop wypoczynkowy<\/h3>\n<h3>Nieobecno\u015b\u0107 usprawiedliwiona<\/h3>\n<h3>Nieobecno\u015b\u0107 nieusprawiedliwiona<\/h3>\n<\/li>\n<li>\n<h3><strong> Potr\u0105cenia z wynagrodzenia za prac\u0119<\/strong><\/h3>\n<h3>Kolejno\u015b\u0107 dokonywanych potr\u0105ce\u0144.<\/h3>\n<h3>Kwota wolna od potr\u0105ce\u0144.<\/h3>\n<h3>Potr\u0105cenia wymagaj\u0105ce zgody pracownika.<\/h3>\n<h3>Potr\u0105cenia z zasi\u0142k\u00f3w, um\u00f3w cywilnoprawnych, potr\u0105cenia z ZF\u015aS.<\/h3>\n<\/li>\n<\/ol>\n<h3><strong>&nbsp;<\/strong><strong>Dzie\u0144 IV \u2013 Obs\u0142uga Programu P\u0142atnik<\/strong><\/h3>\n<ol>\n<li>\n<h3><strong>Wprowadzenie do programu P\u0142atnik<\/strong><\/h3>\n<\/li>\n<li>\n<h3><strong>Zak\u0142adanie Kartotek w Rejestrze P\u0142atnik\u00f3w<\/strong><\/h3>\n<\/li>\n<li>\n<h3><strong>Zg\u0142oszenie P\u0142atnika sk\u0142adek do ZUS<\/strong><\/h3>\n<\/li>\n<li>\n<h3><strong>Rejestr ubezpieczonych<\/strong><\/h3>\n<\/li>\n<li>\n<h3><strong>Dokumenty zg\u0142oszeniowe (przygotowanie, zmiana, korekta)<\/strong><\/h3>\n<\/li>\n<li>\n<h3><strong>Dokumenty rozliczeniowe (przygotowanie, zmiana, korekta)<\/strong><\/h3>\n<\/li>\n<li>\n<h3><strong>Przekaz, wysy\u0142ka i potwierdzanie dokument\u00f3w do ZUS<\/strong><\/h3>\n<\/li>\n<li>\n<h3><strong>Tworzenie informacji miesi\u0119cznych i rocznych dla ubezpieczonych<\/strong><\/h3>\n<\/li>\n<li>\n<h3><strong>Obs\u0142uga programu P\u0142atnik w PUE ZUS<\/strong><\/h3>\n<\/li>\n<\/ol>\n<h3><strong>&nbsp;<\/strong><strong>Dzie\u0144 V<\/strong><\/h3>\n<ol>\n<li>\n<h3><strong> Codzienne czynno\u015bci w Excelu<\/strong><\/h3>\n<h3>Przenoszenie format\u00f3w kom\u00f3rek<\/h3>\n<h3>Dostosowywanie wielko\u015bci kom\u00f3rek<\/h3>\n<h3>Przenoszenie formu\u0142<\/h3>\n<h3>Praca na du\u017cej bazie danych<\/h3>\n<h3>Blokowanie adres\u00f3w kom\u00f3rek<\/h3>\n<\/li>\n<li>\n<h3><strong> Funkcje Excela wykorzystywane do podstawowych analiz<\/strong><\/h3>\n<h3>Opis budowy funkcji<\/h3>\n<h3>Funkcje statystyczne<\/h3>\n<h3>Funkcje logiczne<\/h3>\n<h3>Funkcje daty i czasu<\/h3>\n<h3>Funkcje tekstowe<\/h3>\n<h3>\u0141\u0105czenie formu\u0142<\/h3>\n<\/li>\n<li>\n<h3><strong> Formatowanie danych w kom\u00f3rkach<\/strong><\/h3>\n<h3>Ustawienia format\u00f3w liczbowych<\/h3>\n<h3>Warunkowe formatowanie kom\u00f3rek<\/h3>\n<h3>Tworzenie w\u0142asnych format\u00f3w<\/h3>\n<\/li>\n<li>\n<h3><strong> Praca z wykresami<\/strong><\/h3>\n<h3>Tworzenie rodzaj\u00f3w wykres\u00f3w<\/h3>\n<h3>Formatowanie wykres\u00f3w<\/h3>\n<\/li>\n<li>\n<h3><strong> Formatowanie warunkowe<\/strong><\/h3>\n<h3>Regu\u0142y formatowanie warunkowego<\/h3>\n<h3>Paski danych, skale kolor\u00f3w, zestawy ikon<\/h3>\n<h3>U\u017cywanie formu\u0142 do formatowania warunkowego<\/h3>\n<h3>Menad\u017cer regu\u0142 formatowania warunkowego<\/h3>\n<\/li>\n<li>\n<h3><strong> Sumy cz\u0119\u015bciowe<\/strong><\/h3>\n<h3>Analiza danych<\/h3>\n<h3>Tworzenie kilku sum cz\u0119\u015bciowych w tabeli<\/h3>\n<\/li>\n<li>\n<h3><strong> Narz\u0119dzia do analizy danych<\/strong><\/h3>\n<h3>Sortowanie danych<\/h3>\n<h3>Filtrowanie danych<\/h3>\n<h3>Usuwanie duplikat\u00f3w<\/h3>\n<h3>Podzia\u0142 zawarto\u015bci kom\u00f3rki na kolumny<\/h3>\n<\/li>\n<li>\n<h3><strong> Pobieranie danych ze \u017ar\u00f3de\u0142 zewn\u0119trznych<\/strong><\/h3>\n<h3>Importowanie danych<\/h3>\n<h3>Wyszukiwanie danych tabeli wed\u0142ug wierszy<\/h3>\n<\/li>\n<li>\n<h3><strong> Przygotowanie danych do wydruku<\/strong><\/h3>\n<h3>Ustawienie podzia\u0142u stron<\/h3>\n<\/li>\n<li>\n<h3><strong> Tabele przestawne<\/strong><\/h3>\n<h3>Tworzenie raport\u00f3w tabeli przestawnej<\/h3>\n<h3>Projektowanie tabeli przestawnej<\/h3>\n<h3>Sposoby prezentacji danych<\/h3>\n<\/li>\n<\/ol>\n<h3><strong>INFORMACJE ORGANIZACYJNE:<\/strong><br \/>\nWarunkiem rozpocz\u0119cia kursu jest przes\u0142anie zg\u0142oszenia oraz wp\u0142ata nale\u017cno\u015bci na konto. Formularz zg\u0142oszenia jest dost\u0119pny na stronie g\u0142\u00f3wnej www.e-ssc.pl w zak\u0142adce formularz zg\u0142oszeniowy.<\/h3>\n<h3><strong>Kurs skierowany jest r\u00f3wnie\u017c do os\u00f3b bezrobotnych i poszukuj\u0105cych pracy jako kurs podnosz\u0105cy kwalifikacje zawodowe. Op\u0142ata za kurs pokrywana jest ze \u015brodk\u00f3w Powiatowego Urz\u0119du Pracy.<\/strong><\/h3>\n<h3><strong>O wyk\u0142adowcy: Do\u015bwiadczony wyk\u0142adowca, ekspert prawa pracy. Specjalista w dziedzinie kalkulacji p\u0142ac i rozlicze\u0144 z ZUS i US. Jest wysoko oceniana przez uczestnik\u00f3w zaj\u0119\u0107. Wszystkie kursy i szkolenia prowadzi niemal wy\u0142\u0105cznie w formie warsztatowej. Podczas zaj\u0119\u0107 uczestnicy mog\u0105 na bie\u017c\u0105co uzyska\u0107 odpowiedzi na nurtuj\u0105ce ich pytania.<\/strong><\/h3>\n<h3 style=\"text-align: center;\">&nbsp;<\/h3>\n<h3>&nbsp;<\/h3>\n<h3>&nbsp;<\/h3>\n<\/div>","protected":false},"excerpt":{"rendered":"<p>Kurs skierowany jest do kandydat\u00f3w jak i praktyk\u00f3w, stawiaj\u0105cych pierwsze<a href=\"https:\/\/e-ssc.pl\/?page_id=208\">Read More<i class=\"fa fa-long-arrow-right\" aria-hidden=\"true\"><\/i><\/a><\/p>\n","protected":false},"author":1,"featured_media":0,"parent":928,"menu_order":2,"comment_status":"closed","ping_status":"closed","template":"","meta":{"ngg_post_thumbnail":0,"footnotes":""},"class_list":["post-208","page","type-page","status-publish","hentry"],"_links":{"self":[{"href":"https:\/\/e-ssc.pl\/index.php?rest_route=\/wp\/v2\/pages\/208"}],"collection":[{"href":"https:\/\/e-ssc.pl\/index.php?rest_route=\/wp\/v2\/pages"}],"about":[{"href":"https:\/\/e-ssc.pl\/index.php?rest_route=\/wp\/v2\/types\/page"}],"author":[{"embeddable":true,"href":"https:\/\/e-ssc.pl\/index.php?rest_route=\/wp\/v2\/users\/1"}],"replies":[{"embeddable":true,"href":"https:\/\/e-ssc.pl\/index.php?rest_route=%2Fwp%2Fv2%2Fcomments&post=208"}],"version-history":[{"count":26,"href":"https:\/\/e-ssc.pl\/index.php?rest_route=\/wp\/v2\/pages\/208\/revisions"}],"predecessor-version":[{"id":1389,"href":"https:\/\/e-ssc.pl\/index.php?rest_route=\/wp\/v2\/pages\/208\/revisions\/1389"}],"up":[{"embeddable":true,"href":"https:\/\/e-ssc.pl\/index.php?rest_route=\/wp\/v2\/pages\/928"}],"wp:attachment":[{"href":"https:\/\/e-ssc.pl\/index.php?rest_route=%2Fwp%2Fv2%2Fmedia&parent=208"}],"curies":[{"name":"wp","href":"https:\/\/api.w.org\/{rel}","templated":true}]}}