{"id":13,"date":"2015-09-21T23:00:13","date_gmt":"2015-09-21T21:00:13","guid":{"rendered":"https:\/\/e-ssc.pl\/?page_id=13"},"modified":"2024-10-30T22:29:29","modified_gmt":"2024-10-30T20:29:29","slug":"o-nas","status":"publish","type":"page","link":"https:\/\/e-ssc.pl\/","title":{"rendered":"O NAS"},"content":{"rendered":"<div class=\"post-content\"><h3 style=\"text-align: center;\"><strong>Simple Solution Consulting&nbsp;<\/strong><\/h3>\n<h3 style=\"text-align: center;\"><strong>Nasza oferta skierowana jest do klient\u00f3w indywidualnych i biznesowych. Wiemy, \u017ce rzeczywisto\u015b\u0107 nie jest czym\u015b sta\u0142ym. <\/strong><strong style=\"font-size: inherit;\">Nasi Klienci ci\u0105gle si\u0119 rozwijaj\u0105, a co za tym idzie maj\u0105 nowe potrzeby i oczekiwania. \u017beby je zaspokoi\u0107, staramy si\u0119 oferowa\u0107 im nowe produkty, w tym nowoczesne szkolenia i kursy w r\u00f3\u017cnych formach: otwartych, zamkni\u0119tych, stacjonarnych, wyjazdowych, on-line.&nbsp;<\/strong><strong>Zaj\u0119cia otwarte prowadzone s\u0105 w ma\u0142ych, kameralnych grupach, maksymalnie do 10&nbsp;os\u00f3b, co pozwala na bezpo\u015bredni kontakt prowadz\u0105cego zaj\u0119cia ze s\u0142uchaczami.&nbsp;<\/strong><\/h3>\n<h3 style=\"text-align: center;\"><strong>Prowadzimy kursy i szkolenia z zakresu:<br \/>\nprawa pracy, spraw personalnych, kadr i p\u0142ac, ubezpiecze\u0144 spo\u0142ecznych, ochrony danych osobowych<br \/>\noraz<br \/>\nObs\u0142ugi MS Office (Word, Excel, PowerPoint)<\/strong><\/h3>\n<h3 style=\"text-align: center;\"><strong>Masz pytania? Skontaktuj si\u0119 z nami: biuro@e-ssc.pl; tel. 796 854 555.<\/strong><\/h3>\n<h3 style=\"text-align: center;\"><strong>Zapraszamy do zapoznania si\u0119 z nasz\u0105 aktualn\u0105 ofert\u0105 szkoleniow\u0105 na naszej stronie oraz na <a href=\"https:\/\/web.facebook.com\/sscedukacja\">https:\/\/web.facebook.com\/sscedukacja<\/a>.<\/strong><\/h3>\n<h3 style=\"text-align: center;\">&nbsp;<\/h3>\n<h3 style=\"text-align: center;\">&nbsp;<\/h3>\n<\/div>","protected":false},"excerpt":{"rendered":"<p>Simple Solution Consulting&nbsp; Nasza oferta skierowana jest do klient\u00f3w indywidualnych<a href=\"https:\/\/e-ssc.pl\/\">Read More<i class=\"fa fa-long-arrow-right\" aria-hidden=\"true\"><\/i><\/a><\/p>\n","protected":false},"author":1,"featured_media":8,"parent":0,"menu_order":1,"comment_status":"closed","ping_status":"closed","template":"","meta":{"ngg_post_thumbnail":0,"footnotes":""},"class_list":["post-13","page","type-page","status-publish","has-post-thumbnail","hentry"],"_links":{"self":[{"href":"https:\/\/e-ssc.pl\/index.php?rest_route=\/wp\/v2\/pages\/13"}],"collection":[{"href":"https:\/\/e-ssc.pl\/index.php?rest_route=\/wp\/v2\/pages"}],"about":[{"href":"https:\/\/e-ssc.pl\/index.php?rest_route=\/wp\/v2\/types\/page"}],"author":[{"embeddable":true,"href":"https:\/\/e-ssc.pl\/index.php?rest_route=\/wp\/v2\/users\/1"}],"replies":[{"embeddable":true,"href":"https:\/\/e-ssc.pl\/index.php?rest_route=%2Fwp%2Fv2%2Fcomments&post=13"}],"version-history":[{"count":27,"href":"https:\/\/e-ssc.pl\/index.php?rest_route=\/wp\/v2\/pages\/13\/revisions"}],"predecessor-version":[{"id":1372,"href":"https:\/\/e-ssc.pl\/index.php?rest_route=\/wp\/v2\/pages\/13\/revisions\/1372"}],"wp:featuredmedia":[{"embeddable":true,"href":"https:\/\/e-ssc.pl\/index.php?rest_route=\/wp\/v2\/media\/8"}],"wp:attachment":[{"href":"https:\/\/e-ssc.pl\/index.php?rest_route=%2Fwp%2Fv2%2Fmedia&parent=13"}],"curies":[{"name":"wp","href":"https:\/\/api.w.org\/{rel}","templated":true}]}}